{"id":29449,"date":"2015-07-29T15:26:03","date_gmt":"2015-07-29T14:26:03","guid":{"rendered":"https:\/\/www.xjtag.com\/es\/?page_id=29449"},"modified":"2025-04-03T01:46:32","modified_gmt":"2025-04-03T00:46:32","slug":"products","status":"publish","type":"page","link":"https:\/\/www.xjtag.com\/es\/products\/","title":{"rendered":"Productos"},"content":{"rendered":"<h2>El Sistema de Desarrollo XJTAG<\/h2>\n<p>Herramientas para an\u00e1lisis de componentes, test de tarjetas PCB y programaci\u00f3n in-circuit.<\/p>\n<p>XJTAG ofrece soluciones altamente competitivas para los dise\u00f1adores e ingenieros de desarrollo para los procesos de an\u00e1lisis y test, as\u00ed como para los procesos de fabricaci\u00f3n y producci\u00f3n, incluyendo el proceso de diagnostico de placas y circuitos electr\u00f3nicos para su reparaci\u00f3n.<\/p>\n<p>XJTAG ofrece soluciones por <i>boundary scan<\/i> para el control de los componentes mediante se\u00f1ales internas. Esto es particularmente \u00fatil para componentes en encapsulado BGA, donde los pines en forma de bola son inaccesibles con los sistemas de test convencionales (Flying Probes, ICT, Rayos X).<\/p>\n<p style=\"text-align: center;\"><a class=\"no.pdf\" href=\"https:\/\/www.xjtag.com\/wp-content\/uploads\/xjtag-product-list-en.pdf\" target=\"_blank\" rel=\"noopener\"><img decoding=\"async\" style=\"width: 100%; max-width: 700px; height: auto;\" src=\"https:\/\/www.xjtag.com\/wp-content\/uploads\/product-list.jpg\" alt=\"Full product list\" width=\"700\" height=\"110\" \/><\/a><br \/>\n<a class=\"pdf\" style=\"position: relative; right: 20px; top: 5px;\" href=\"https:\/\/www.xjtag.com\/wp-content\/uploads\/xjtag-product-list-es.pdf\" target=\"_blank\" rel=\"noopener\">Lista completa de productos<\/a><\/p>\n<p>Las herramientas de XJTAG proporcionan una soluci\u00f3n que permite testear todos los componentes JTAG y no JTAG, tanto sus pines como la funcionalidad del componente y hacer el test de la circuiteria de la placa detectando posibles cortos y circuitos abiertos en las pistas y soldaduras.<\/p>\n<p>El test se realiza a trav\u00e9s de se\u00f1ales de entrada TDI (Test Data Input) que la herramienta de XJTAG env\u00eda a la placa a trav\u00e9s de conexi\u00f3n JTAG (IEEE 1149) y obtiene la se\u00f1al de salida TDO.<\/p>\n<p>Las herramientas XJTAG pueden testear un alto porcentaje de toda la placa incluyendo componentes BGA, SDRAM&#8217;s, Ethernet controller, interfaces de vides, memorias Flash, FPGA&#8217;s, microprocesadores, switches, conectores, ADC\/DAC y otros componentes.<\/p>\n<p style=\"text-align: center;\"><a href=\"https:\/\/www.xjtag.com\/es\/case-studies\/\">M\u00e1s de 100 estudios de casos<\/a><\/p>\n<p align=\"center\"><a class=\"yellow-button\" href=\"https:\/\/www.xjtag.com\/free-jtag-evaluation\/\">Disfrute hoy de una Evaluaci\u00f3n Gratuita<\/a><br \/>\no<br \/>\n<a class=\"yellow-button\" href=\"https:\/\/www.xjtag.com\/free-jtag-evaluation\/\">Desarrollo Gratuito de los tests para su applicaci\u00f3n<\/a><\/p>\n<h3><a href=\"https:\/\/www.xjtag.com\/es\/products\/software\/xjdeveloper\/\">XJDeveloper \u2014 Interfaz gr\u00e1fica avanzada<\/a><\/h3>\n<p><a href=\"https:\/\/www.xjtag.com\/es\/products\/software\/xjdeveloper\/\"><img decoding=\"async\" class=\"insert-left\" title=\"XJDeveloper - for configuring XJTAG to test your circuits\" src=\"https:\/\/www.xjtag.com\/wp-content\/uploads\/products-xjdeveloper.png\" alt=\"XJDeveloper - for configuring XJTAG to test your circuits\" width=\"107\" height=\"130\" \/><\/a>XJDeveloper es una aplicaci\u00f3n gr\u00e1fica desarrollada para generar el programa de test y descripci\u00f3n para testear nuestras placas de una forma gr\u00e1fica, intuitiva, r\u00e1pida y sencilla.<\/p>\n<p>Es de f\u00e1cil integraci\u00f3n en NI LabVIEW\u2122, LabWindows\u2122\/CVI, Visual Basic etc. Adem\u00e1s nos ofrece el porcentaje de la placa que esta cubierto por las herramientas XJTAG para ser testeado. XJDeveloper incluye: herramientas de An\u00e1lisis del &#8220;Design for Test&#8221;, &#8220;<a href=\"https:\/\/www.xjtag.com\/wp-content\/uploads\/xjtag-product-sheet_layout-viewer-es.pdf\">Layout Viewer<\/a>&#8221; y &#8220;<a href=\"https:\/\/www.xjtag.com\/products\/capabilities\/schematic-viewer\/\">Schematic Viewer<\/a>&#8221; incorporados, as\u00ed como &#8220;Netlist Explorer&#8221; para ver la conectividad entre componentes.<br \/>\n<a href=\"https:\/\/www.xjtag.com\/wp-content\/uploads\/xjtag-product-sheet_xjdeveloper-es.pdf\" target=\"_blank\" rel=\"noopener\">Folleto XJDeveloper<\/a> \u00a0|\u00a0 <a href=\"https:\/\/www.xjtag.com\/es\/products\/software\/xjdeveloper\/\">Leer m\u00e1s<\/a><\/p>\n<div style=\"margin-left: 50px;\">\n<h4 style=\"clear: both;\"><a href=\"https:\/\/www.xjtag.com\/es\/products\/software\/xjdeveloper\/#interconnect\">Test de Conexi\u00f3n Avanzada<\/a><\/h4>\n<p>El Test de Conexi\u00f3n Avanzada de XJDeveloper le permite probar un porcentaje m\u00e1s alto de un circuito que la mayor\u00eda de otras soluciones JTAG. Tambi\u00e9n le proporciona m\u00e1s informaci\u00f3n acerca de la ubicaci\u00f3n y la naturaleza exacta de los defectos que se encuentran. <a href=\"https:\/\/www.xjtag.com\/es\/products\/software\/xjdeveloper\/#interconnect\">Leer m\u00e1s<\/a><\/p>\n<h4 style=\"clear: both;\"><a href=\"https:\/\/www.xjtag.com\/es\/products\/software\/xjdeveloper\/#xjease\">XJEase \u2014 Test y programaci\u00f3n no JTAG<\/a><\/h4>\n<p>XJEase es un lenguaje de descripci\u00f3n de alto nivel que ofrece funcionalidad, flexibilidad y control<br \/>\nen la creaci\u00f3n y modificaci\u00f3n de programas de test para nuestras placas y dise\u00f1os.<\/p>\n<p>Cuenta con una biblioteca de scripts gratuitos para probar y programar muchos componentes no-JTAG tales como Flash, RAM (todas las variedades), Ethernet, RTC, V\u00eddeo, etc. Incluso si usted nunca ha utilizado JTAG antes, es posible crear un sistema de test totalmente funcional sin necesidad de programaci\u00f3n adicional. <a href=\"https:\/\/www.xjtag.com\/es\/products\/software\/xjdeveloper\/#xjease\">Leer m\u00e1s<\/a><\/p>\n<\/div>\n<h3><a href=\"https:\/\/www.xjtag.com\/es\/products\/software\/xjanalyser\/\">XJAnalyser \u2014 Detecci\u00f3n y an\u00e1lisis gr\u00e1fico JTAG<\/a><\/h3>\n<p><a href=\"https:\/\/www.xjtag.com\/es\/products\/software\/xjanalyser\/\"><img decoding=\"async\" class=\"insert-right\" title=\"XJAnalyser - Graphical view of your JTAG chain\" src=\"https:\/\/www.xjtag.com\/wp-content\/uploads\/products-xjanalyser.png\" alt=\"XJAnalyser - Graphical view of your IEEE 1149.1 chain\" width=\"107\" height=\"130\" border=\"0\" \/><\/a><br \/>\nXJAnalyser una herramienta grafica de an\u00e1lisis visual y chequeo de componentes en la cadena JTAG de nuestra placa.<\/p>\n<p>Nos ofrece un acceso y verificaci\u00f3n de la cadena JTAG instant\u00e1neo con un simple proceso.<\/p>\n<p>Con ello nos mostrar\u00e1 de una forma gr\u00e1fica e interactiva el estado de los pines de componentes <i>boundary scan<\/i> (JTAG).<\/p>\n<p>No es necesario tener conocimiento previo de la placa, netlist o esquem\u00e1tico.<\/p>\n<p>Podemos agrupar varios pines en buses, para un control mas f\u00e1cil, generar se\u00f1ales variables alto\/bajo en todos los pines seleccionados y establecer conexiones entre diferentes puntos de la placa, lo que resulta muy \u00fatil para verificar cortos y abiertos, muy adecuado para BGA&#8217;s.<\/p>\n<p>Permite la programaci\u00f3n in-circuit de los componentes <i>boundary scan<\/i> (JTAG).<\/p>\n<p><a href=\"https:\/\/www.xjtag.com\/es\/products\/software\/xjanalyser\/\">Leer m\u00e1s<\/a> \u00a0|\u00a0\u00a0<a href=\"https:\/\/www.xjtag.com\/wp-content\/uploads\/xjtag-product-sheet_xjanalyser-es.pdf\" target=\"_blank\" rel=\"noopener\">Folleto XJAnalyser<\/a><\/p>\n<h3><a href=\"https:\/\/www.xjtag.com\/es\/products\/software\/xjrunner\/\">XJRunner \u2014 Ejecuta los programas de test XJEase<\/a><\/h3>\n<p><a href=\"https:\/\/www.xjtag.com\/es\/products\/software\/xjrunner\/\"><img decoding=\"async\" class=\"insert-left\" title=\"Run-time environment for JTAG tests\" src=\"https:\/\/www.xjtag.com\/wp-content\/uploads\/products-xjrunner.png\" alt=\"XJRunner - run-time environment for IEEE 1149.1 tests\" width=\"107\" height=\"130\" border=\"0\" \/><\/a><br \/>\nXJRunner es la herramientaencargada de ejecutar los programas de test generados con el XJEase (en XJDeveloper), realiza la programaci\u00f3n in-circuit, programar n\u00fameros de serie, direccionamiento MAC, etc. Genera ficheros LOG configurables, los cuales se almacenan y ofrecen un informe completo con los resultados de los test. Ofrece pantalla con los eventos, fallos y\/o mensajes que se han dado. Se pueden establecer diferentes usuarios y permisos, para restringir el acceso al programa. El &#8220;<a href=\"https:\/\/www.xjtag.com\/products\/capabilities\/layout-viewer\/\">Layout Viewer<\/a>&#8221; puede mostrar visualmente la ubicaci\u00f3n f\u00edsica de los fallos que se encuentran cuando se ejecutan las pruebas.<\/p>\n<p><a href=\"https:\/\/www.xjtag.com\/es\/products\/software\/xjrunner\/\">Leer m\u00e1s<\/a> \u00a0|\u00a0 <a href=\"https:\/\/www.xjtag.com\/wp-content\/uploads\/xjtag-product-sheet_xjrunner-es.pdf\" target=\"_blank\" rel=\"noopener\">Folleto XJRunner<\/a><\/p>\n<h3><a href=\"https:\/\/www.xjtag.com\/products\/test-controllers\/xjlink-xjlink2-controller\/\">XJLink2 \u2014 Interfaz USB-JTAG<\/a><\/h3>\n<p><a href=\"https:\/\/www.xjtag.com\/products\/test-controllers\/xjlink-xjlink2-controller\/\"><img decoding=\"async\" class=\"insert-right\" title=\"XJLink adaptador USB para JTAG\" src=\"https:\/\/www.xjtag.com\/wp-content\/uploads\/products-xjlink2.jpg\" alt=\"XJLink adaptador USB para JTAG\" width=\"49\" height=\"80\" \/><\/a>XJLink2 es un adaptador USB 2.0-JTAG que ofrece una interfaz de alta velocidad a la cadena JTAG.<\/p>\n<p>Peque\u00f1o, ligero y port\u00e1til, XJLink2 es ideal para trabajos de laboratorio y de campo. La licencia incluye le permite utilizar el sistema de XJTAG en varios equipos. <a href=\"https:\/\/www.xjtag.com\/products\/test-controllers\/xjlink-xjlink2-controller\/\">Leer m\u00e1s (en Ingl\u00e9s)<\/a><\/p>\n<h3 style=\"clear: both;\"><a href=\"https:\/\/www.xjtag.com\/products\/test-controllers\/xjquad-multiport-controller\/\">XJQuad \u2014 Controlador USB-JTAG Multipuerto<\/a><\/h3>\n<p><a href=\"https:\/\/www.xjtag.com\/products\/test-controllers\/xjquad-multiport-controller\/\"><img decoding=\"async\" class=\"insert-right\" title=\"XJQuad multiport USB-JTAG adapter\" src=\"https:\/\/www.xjtag.com\/wp-content\/uploads\/products-xjquad-sm.jpg\" alt=\"XJQuad adaptador USB-JTAG multipuerto\" width=\"100\" height=\"49\" \/><\/a>XJQuad es una versi\u00f3n de 4-puertos de la interfaz USB-JTAG XJLink2. Se suministra con el software XJRunner para la ejecuci\u00f3n de pruebas XJDeveloper. Con una serie de caracter\u00edsticas especiales es adecuado en particular para los fabricantes. Cada uno de los cuatro puertos tiene una interfaz de alta velocidad que se puede conectar a hasta cuatro conexiones TAP en cada unidad bajo prueba. <a href=\"https:\/\/www.xjtag.com\/products\/test-controllers\/xjquad-multiport-controller\/\">Leer m\u00e1s (en Ingl\u00e9s)<\/a><\/p>\n<h3><a href=\"https:\/\/www.xjtag.com\/products\/capabilities\/xjdemo-board\/\">XJDemo y tutoriales<\/a><\/h3>\n<p><a href=\"https:\/\/www.xjtag.com\/products\/capabilities\/xjdemo-board\/\"><img decoding=\"async\" class=\"insert-left\" title=\"Carta XJDemo\" src=\"https:\/\/www.xjtag.com\/wp-content\/uploads\/xjdemo_board.jpg\" alt=\"Carta XJDemo\" width=\"75\" height=\"43\" \/><\/a>Placa de demostraci\u00f3n XJDemo para comprobar lascaracter\u00edsticas y funcionalidades que ofrece la herramienta, as\u00ed como mejorar el manejo de la misma. Incluido con XJAnalyser y XJEase.<\/p>\n<p>Tutoriales de cada uno de los diferentes paquetes de software (XJAnalyser, XJDeveloper\/XJEase y XJRunner) como gu\u00eda para el aprendizaje y manejo de la herramienta en el menor tiempo posible.<br \/>\n<a href=\"https:\/\/www.xjtag.com\/products\/capabilities\/xjdemo-board\/\">Leer<br \/>\nm\u00e1s (en Ingl\u00e9s)<\/a><\/p>\n<p><a href=\"https:\/\/www.xjtag.com\/products\/capabilities\/jtag-chain-debugger\/\"><img decoding=\"async\" class=\"insert-right\" title=\"Chain Debugger\" src=\"https:\/\/www.xjtag.com\/wp-content\/uploads\/products-chaindebug-75px.jpg\" alt=\"Chain Debugger\" width=\"75\" height=\"91\" \/><\/a><\/p>\n<h3><a href=\"https:\/\/www.xjtag.com\/products\/capabilities\/jtag-chain-debugger\/\">Chain Debugger (Depurador de Cadena)<\/a><\/h3>\n<p>El Chain Debugger est\u00e1 dise\u00f1ado para ayudarle a identificar los fallos en la cadena JTAG. Se permiten mover se\u00f1ales JTAG,<br \/>\ndefinir los pines configurables en el &#8220;header&#8221; XJLink y guardarlos.<br \/>\n<a href=\"https:\/\/www.xjtag.com\/products\/capabilities\/jtag-chain-debugger\/\">Leer m\u00e1s (en Ingl\u00e9s)<\/a><\/p>\n<h3><a href=\"https:\/\/www.xjtag.com\/products\/capabilities\/high-speed-flash-programming\/\">Programaci\u00f3n Flash de alta velocidad<\/a><\/h3>\n<p>Programaci\u00f3n de memorie flash de gran capacidad puede ser muy lento utilizando las t\u00e9cnicas tradicionales JTAG. XJTAG puede utilizar el procesador de la placa o un dispositivo l\u00f3gico programable para acelerar dram\u00e1ticamente la programaci\u00f3n flash. <a href=\"https:\/\/www.xjtag.com\/products\/capabilities\/high-speed-flash-programming\/\">Leer m\u00e1s (en Ingl\u00e9s)<\/a><\/p>\n<h3><a href=\"https:\/\/www.xjtag.com\/shop\/?category=accessories\">Placas XJIO y XJIO-PCI<\/a><\/h3>\n<p><a href=\"https:\/\/www.xjtag.com\/shop\/?category=accessories\"><img decoding=\"async\" class=\"insert-left\" title=\"XJIO expansion board - improved test coverage\" src=\"https:\/\/www.xjtag.com\/wp-content\/uploads\/products-xjio-boards.jpg\" alt=\"XJIO expansion board - improved test coverage\" width=\"130\" height=\"106\" \/><\/a>XJIO y XJIO-PCI son las placas de expansi\u00f3n que integradas con el sistema standard de XJTAG nos permite de una manera sencilla completar y ampliar la cobertura de test y la protecci\u00f3n ante fallos, a trav\u00e9s del acceso a las \u00e1reas m\u00e1s inaccesibles de nuestra placa\/s o dise\u00f1os.<br \/>\nDispone de 208 pins digital Input\/Output, 8 Input\/Output Anal\u00f3gicas, convertidores ADC\/DAC.<br \/>\n<a href=\"https:\/\/www.xjtag.com\/shop\/?category=accessories\">Leer m\u00e1s (en Ingl\u00e9s)<\/a><\/p>\n<h3><a href=\"https:\/\/www.xjtag.com\/products\/test-controllers\/xjlink2-3070-jtag-controller\/\">XJLink2-3070<\/a><\/h3>\n<p style=\"clear: both;\"><a href=\"https:\/\/www.xjtag.com\/products\/test-controllers\/xjlink2-3070-jtag-controller\/\"><img decoding=\"async\" class=\"insert-right\" title=\"XJLink2-3070 JTAG controller for Keysight (Agilent) i3070 ICT machines\" src=\"https:\/\/www.xjtag.com\/wp-content\/uploads\/products-jtag-controller-xjlink2-3070.jpg\" alt=\"XJLink2-3070 JTAG controller for Keysight (Agilent) i3070 ICT machines\" width=\"124\" height=\"41\" \/><\/a><\/p>\n<p>El XJLink2-3070, aprobado por Keysight Technologies, proporciona un acceso c\u00f3modo e integrado a las poderosas herramientas de test <i>boundary scan<\/i> y programaci\u00f3n de XJTAG, desde m\u00e1quinas ICT i3070 de Keysight (Agilent).<br \/>\n<a href=\"https:\/\/www.xjtag.com\/products\/test-controllers\/xjlink2-3070-jtag-controller\/\">Leer m\u00e1s (en Ingl\u00e9s)<\/a><\/p>\n<p><a href=\"https:\/\/www.xjtag.com\/products\/test-controllers\/pxi-xjlink2-controller\/\"><img decoding=\"async\" class=\"insert-right\" title=\"PXI modules - run XJTAG from a PXI rack\" src=\"https:\/\/www.xjtag.com\/wp-content\/uploads\/products-pxi-xjlink2.jpg\" alt=\"PXI modules - run XJTAG from a PXI rack\" width=\"42\" height=\"110\" \/><\/a><\/p>\n<h3><a href=\"https:\/\/www.xjtag.com\/products\/test-controllers\/pxi-xjlink2-controller\/\">Modulo PXI<\/a><\/h3>\n<p>El PXI XJLink2 permite usar XJTAG desde un rack PXI junto a otros equipos de test. El puerto JTAG del PXI-XJLink2 <span id=\"result_box\" lang=\"es\" xml:lang=\"es\">proporciona<\/span> una interfaz entre PXI y el canal JTAG de tu unidad bajo test.<br \/>\n<a href=\"https:\/\/www.xjtag.com\/products\/test-controllers\/pxi-xjlink2-controller\/\">Leer m\u00e1s (en Ingl\u00e9s)<\/a><\/p>\n<hr style=\"clear: both;\" \/>\n<h3><a href=\"https:\/\/www.xjtag.com\/free-jtag-evaluation\/\">XJTAG Ofertas Comerciales<\/a><\/h3>\n<ol>\n<li>30 d\u00edas de Evaluaci\u00f3n Gratuitos.<\/li>\n<li>Desarrollo de un programa de test completo para una de sus placas o tarjetas de manera gratuita.<\/li>\n<\/ol>\n<hr \/>\n<p>Para obtener m\u00e1s informaci\u00f3n, por favor, p\u00f3ngase en contacto con su <a class=\"button\" href=\"https:\/\/www.xjtag.com\/company\/partners\/distributors\/\">distribuidor local<\/a>.<\/p>\n","protected":false},"excerpt":{"rendered":"<p>El Sistema de Desarrollo XJTAG Herramientas para an\u00e1lisis de componentes, test de tarjetas PCB y programaci\u00f3n in-circuit. XJTAG ofrece soluciones altamente competitivas para los dise\u00f1adores e ingenieros de desarrollo para los procesos de an\u00e1lisis y test, as\u00ed como para los procesos de fabricaci\u00f3n y producci\u00f3n, incluyendo el proceso de diagnostico de placas y circuitos electr\u00f3nicos [&hellip;]<\/p>\n","protected":false},"author":2,"featured_media":0,"parent":0,"menu_order":0,"comment_status":"open","ping_status":"open","template":"","meta":{"_acf_changed":false,"_relevanssi_hide_post":"","_relevanssi_hide_content":"","_relevanssi_pin_for_all":"","_relevanssi_pin_keywords":"","_relevanssi_unpin_keywords":"","_relevanssi_related_keywords":"","_relevanssi_related_include_ids":"","_relevanssi_related_exclude_ids":"","_relevanssi_related_no_append":"","_relevanssi_related_not_related":"","_relevanssi_related_posts":"","_relevanssi_noindex_reason":"","footnotes":""},"pagecategory":[253],"class_list":["post-29449","page","type-page","status-publish","hentry","pagecategory-products"],"acf":[],"_links":{"self":[{"href":"https:\/\/www.xjtag.com\/es\/wp-json\/wp\/v2\/pages\/29449","targetHints":{"allow":["GET"]}}],"collection":[{"href":"https:\/\/www.xjtag.com\/es\/wp-json\/wp\/v2\/pages"}],"about":[{"href":"https:\/\/www.xjtag.com\/es\/wp-json\/wp\/v2\/types\/page"}],"author":[{"embeddable":true,"href":"https:\/\/www.xjtag.com\/es\/wp-json\/wp\/v2\/users\/2"}],"replies":[{"embeddable":true,"href":"https:\/\/www.xjtag.com\/es\/wp-json\/wp\/v2\/comments?post=29449"}],"version-history":[{"count":1,"href":"https:\/\/www.xjtag.com\/es\/wp-json\/wp\/v2\/pages\/29449\/revisions"}],"predecessor-version":[{"id":55523,"href":"https:\/\/www.xjtag.com\/es\/wp-json\/wp\/v2\/pages\/29449\/revisions\/55523"}],"wp:attachment":[{"href":"https:\/\/www.xjtag.com\/es\/wp-json\/wp\/v2\/media?parent=29449"}],"wp:term":[{"taxonomy":"pagecategory","embeddable":true,"href":"https:\/\/www.xjtag.com\/es\/wp-json\/wp\/v2\/pagecategory?post=29449"}],"curies":[{"name":"wp","href":"https:\/\/api.w.org\/{rel}","templated":true}]}}