{"id":41980,"date":"2020-03-27T18:53:58","date_gmt":"2020-03-27T18:53:58","guid":{"rendered":"https:\/\/www.xjtag.com\/webinars\/"},"modified":"2025-03-21T15:32:10","modified_gmt":"2025-03-21T15:32:10","slug":"hands-on-jtag-boundary-scan-workshop","status":"publish","type":"page","link":"https:\/\/www.xjtag.com\/es\/company\/webinars\/hands-on-jtag-boundary-scan-workshop\/","title":{"rendered":"Webinars pr\u00e1cticos gratuitos de XJTAG sobre Boundary Scan"},"content":{"rendered":"<h1>Tests de hardware r\u00e1pidos y sencillos con JTAG Boundary Scan<\/h1>\n<h2 class=\"head\" style=\"text-align: center;\"><i class=\"fa fa-desktop\">\u00a0<\/i> Webinar interactivo gratuito | 2-3 horas<\/h2>\n<div style=\"display: block; margin: auto; width: 85%;\">\n<p>Durante el webinar, nuestros expertos le brindar\u00e1n una introducci\u00f3n pr\u00e1ctica a los Tests JTAG Boundary Scan.<\/p>\n<p>Aprender\u00e1 a crear y ejecutar tests JTAG sobre una tarjeta real con la ayuda de ejercicios paso a paso utilizando las herramientas de XJTAG y el hardware de demostraci\u00f3n al que acceder\u00e1 de forma remota.<\/p>\n<p>Todo lo que necesita es un navegador web. No se requieren conocimientos previos de JTAG.<\/p>\n<p style=\"margin-top: 15px;\"><strong>\u00bfQui\u00e9n debe asistir? <\/strong>Ingenieros que trabajan en el dise\u00f1o, desarrollo, testeo y fabricaci\u00f3n de PCB.<\/p>\n<\/div>\n<div style=\"text-align: center;\">\n<p><a class=\"anchor\" name=\"register\"><\/a><br \/>\n<!--\n\n\n<h4 style=\"font-size: 18px;\">Reserve su plaza<\/h4>\n\n\n<a class=\"yellow-button\" style=\"font-size: 18px !important; padding: 15px 30px 12px 30px !important; margin: 5px 0 !important;\" href=\"https:\/\/www.xjtag.com\/es\/webinar-registration\/?webinar_id=4470656483692959499\" target=\"_blank\" rel=\"noopener noreferrer\"><b>5 octubre 2022, <span class=\"no-wrap\">9:30 CEST<\/span><\/b> <span class=\"smallprint no-wrap\">(en espa\u00f1ol)<\/span><\/a>--><br \/>\n<a class=\"yellow-button\" style=\"font-weight: bold; font-size: 18px !important; padding: 15px 30px 12px 30px !important; margin: 5px 0 !important;\" href=\"\/es\/webinar-registration\/?webinar_desc=%3Cb%3EFECHA%20por%20determinar%3C%2Fb%3E%0D%0ARegistre%20su%20inter\u00e9s%20para%20recibir%20una%20notificaci\u00f3n%20del%20pr\u00f3ximo%20webinar.\" target=\"_blank\" rel=\"noopener noreferrer\">Reg\u00edstrese para el pr\u00f3ximo webinar<\/a><br \/>\n<span class=\"smallprint unbold\">Confirmaremos la fecha tan pronto como est\u00e9 disponible<\/span><\/p>\n<\/div>\n<h2 class=\"head\" style=\"text-align: center; margin-top: 50px;\">Lo que aprender\u00e1<\/h2>\n<h3 style=\"text-align: left;\">Introducci\u00f3n a JTAG: conceptos, herramientas y dise\u00f1o de Tests<\/h3>\n<p>Empezar\u00e1 por aprender los principios b\u00e1sicos de Boundary Scan y c\u00f3mo puede usarlo durante el ciclo de vida del producto para mejorar los dise\u00f1os, reducir las iteraciones y mejorar la cobertura de test, el diagn\u00f3stico de fallos y los rendimientos de producci\u00f3n en componentes electr\u00f3nicos complejos de alta densidad.<\/p>\n<h3>Workshop interactivo y Q&amp;A<\/h3>\n<ul class=\"tick\">\n<li>C\u00f3mo comunicarse con la cadena JTAG<\/li>\n<li>Herramientas para interactuar con dispositivos JTAG (por ejemplo, FPGA, CPLD o procesadores)<\/li>\n<li>Introducci\u00f3n a los tests de placas mediante la cadena JTAG<\/li>\n<li>C\u00f3mo describir un circuito para habilitar los tests JTAG<\/li>\n<li>Capacidad de detecci\u00f3n de fallos de una prueba de conexi\u00f3n JTAG<\/li>\n<li>C\u00f3mo testear elementos no JTAG de un dise\u00f1o de placa mediante Boundary Scan<\/li>\n<\/ul>\n<p style=\"margin-top: 30px;\">En la segunda parte de la sesi\u00f3n, nuestro experto ingeniero de test le guiar\u00e1 a trav\u00e9s de ejercicios pr\u00e1cticos que le ense\u00f1ar\u00e1n c\u00f3mo configurar pruebas JTAG b\u00e1sicas en su tarjeta. No se requieren conocimientos previos de JTAG.<\/p>\n<p>Tendr\u00e1 acceso remoto a un completo sistema de desarrollo XJTAG Development System (que incluye herramientas de software, controlador JTAG y hardware de demostraci\u00f3n) para brindarle la experiencia de desarrollar y ejecutar tests Boundary Scan.<\/p>\n<p><img decoding=\"async\" class=\"alignnone size-full wp-image-40429\" src=\"https:\/\/www.xjtag.com\/wp-content\/uploads\/xjtag-kit-2020-500px.jpg\" alt=\"\" width=\"500\" height=\"443\" \/><\/p>\n<hr style=\"padding-bottom: 15px;\" \/>\n<p style=\"text-align: center;\"><em>Los Webinars son gratuitos, pero las plazas son limitadas.<\/em><\/p>\n<p style=\"text-align: center;\"><a class=\"outline-button\" href=\"#register\">Reserve su asiento ahora<\/a><br \/>\n<span class=\"smallprint\">(Plazas sujetas a disponibilidad y a discreci\u00f3n de XJTAG.)<\/span><\/p>\n<div data-fancybox='gallery' data-options='{\"touch\":false,\"thumb\":\"https:\\\/\\\/www.xjtag.com\\\/wp-content\\\/uploads\\\/video-lightbox_hands-on-workshop-all-sp.jpg\"}' id=\"fv_flowplayer_a1ee23164b04b685d7deeb794ec8ff1d_lightbox_starter\" title='Webinar gratuito: Tests de hardware r\u00e1pidos y sencillos con JTAG boundary scan' href=\"#wpfp_a1ee23164b04b685d7deeb794ec8ff1d_container\" class=\"flowplayer lightbox-starter no-brand is-splash is-paused skin-slim no-svg fp-slim fp-edgy\" style=\"position:relative; max-width: 1138px; max-height: 640px; \" data-ratio=\"0.5624\" data-advance=\"false\" itemprop=\"video\" itemscope=\"\" itemtype=\"http:\/\/schema.org\/VideoObject\" data-player-id=\"77\" data-fv_stats_data=\"{&quot;player_id&quot;:&quot;77&quot;,&quot;post_id&quot;:41980}\" data-speedb=\"1\">\n\t<div class=\"fp-ratio\" style=\"padding-top: 56.24%\"><\/div>\n\t<img decoding=\"async\" class=\"fp-splash\" alt=\"video\" src=\"https:\/\/www.xjtag.com\/wp-content\/uploads\/video-lightbox_hands-on-workshop-all-sp.jpg\" style=\"position:absolute;top:0;width:100%\" \/>\n\t<div class=\"fp-ui\"><noscript>Please enable JavaScript<\/noscript><div class=\"fp-play fp-visible\"><svg class=\"fp-play-sharp-fill\" xmlns=\"http:\/\/www.w3.org\/2000\/svg\" viewBox=\"0 0 100 100\"><defs><style>.fp-color-play{opacity:0.65;}.controlbutton{fill:#fff;}<\/style><\/defs><title>play-sharp-fill<\/title><path class=\"fp-color-play\" d=\"M49.9217-.078a50,50,0,1,0,50,50A50.0564,50.0564,0,0,0,49.9217-.078Z\"\/><polygon class=\"controlbutton\" points=\"73.601 50 37.968 70.573 37.968 29.427 73.601 50\" filter=\"url(#f1)\"\/><\/svg><\/div><div class=\"fp-preload\"><b><\/b><b><\/b><b><\/b><b><\/b><\/div><\/div>\n\n<meta itemprop=\"name\" content=\"Webinars pr\u00e1cticos gratuitos de XJTAG sobre Boundary Scan\" \/>\r\n        <meta itemprop=\"description\" content=\"Tests de hardware r\u00e1pidos y sencillos con JTAG Boundary Scan \u00a0 Webinar interactivo gratuito | 2-3 horas Durante el webinar, nuestros expertos le brindar\u00e1n una introducci\u00f3n pr\u00e1ctica a los Tests&hellip;\" \/>\r\n        <meta itemprop=\"thumbnailUrl\" content=\"https:\/\/www.xjtag.com\/wp-content\/uploads\/video-lightbox_hands-on-workshop-all-sp.jpg\" \/>\r\n        <meta itemprop=\"contentURL\" content=\"https:\/\/www.xjtag.com\/es\/company\/webinars\/hands-on-jtag-boundary-scan-workshop\/\" \/>\r\n        <meta itemprop=\"uploadDate\" content=\"2025-03-21T15:32:10+00:00\" \/>\n\n<\/div>\n\n<div id=\"wpfp_a1ee23164b04b685d7deeb794ec8ff1d_container\" class=\"fv_player_lightbox_hidden\" style=\"display: none\">\n<div id=\"wpfp_a1ee23164b04b685d7deeb794ec8ff1d\" data-item=\"{&quot;sources&quot;:[{&quot;src&quot;:&quot;https:\\\/\\\/streams.bitmovin.com\\\/cpg6s1lsrjnnig8jd1u0\\\/manifest.m3u8&quot;,&quot;type&quot;:&quot;application\\\/x-mpegurl&quot;}],&quot;id&quot;:&quot;77&quot;,&quot;splash&quot;:&quot;https:\\\/\\\/www.xjtag.com\\\/wp-content\\\/uploads\\\/video-lightbox_hands-on-workshop-all-sp.jpg&quot;,&quot;subtitles&quot;:[{&quot;srclang&quot;:&quot;es&quot;,&quot;label&quot;:&quot;Espa\\u00f1ol&quot;,&quot;src&quot;:&quot;https:\\\/\\\/xvpstorage.blob.core.windows.net\\\/subtitles\\\/promo-workshop-for-all_es.vtt&quot;,&quot;fv_default&quot;:true}]}\" class=\"flowplayer lightboxed no-brand is-splash is-paused skin-slim no-svg fp-slim fp-edgy\" style=\"position:relative; max-width: 1138px; max-height: 640px; \" data-ratio=\"0.5624\" data-advance=\"false\" itemprop=\"video\" itemscope=\"\" itemtype=\"http:\/\/schema.org\/VideoObject\" data-player-id=\"77\" data-fv_stats_data=\"{&quot;player_id&quot;:&quot;77&quot;,&quot;post_id&quot;:41980}\" data-speedb=\"1\">\n\t<div class=\"fp-ratio\" style=\"padding-top: 56.24%\"><\/div>\n\t<img decoding=\"async\" class=\"fp-splash\" alt=\"video\" src=\"https:\/\/www.xjtag.com\/wp-content\/uploads\/video-lightbox_hands-on-workshop-all-sp.jpg\" style=\"position:absolute;top:0;width:100%\" \/>\n\t<div class=\"fp-ui\"><noscript>Please enable JavaScript<\/noscript><div class=\"fp-play fp-visible\"><svg class=\"fp-play-sharp-fill\" xmlns=\"http:\/\/www.w3.org\/2000\/svg\" viewBox=\"0 0 100 100\"><defs><style>.fp-color-play{opacity:0.65;}.controlbutton{fill:#fff;}<\/style><\/defs><title>play-sharp-fill<\/title><path class=\"fp-color-play\" d=\"M49.9217-.078a50,50,0,1,0,50,50A50.0564,50.0564,0,0,0,49.9217-.078Z\"\/><polygon class=\"controlbutton\" points=\"73.601 50 37.968 70.573 37.968 29.427 73.601 50\" filter=\"url(#f1)\"\/><\/svg><\/div><div class=\"fp-preload\"><b><\/b><b><\/b><b><\/b><b><\/b><\/div><\/div>\n\n<meta itemprop=\"name\" content=\"Webinars pr\u00e1cticos gratuitos de XJTAG sobre Boundary Scan\" \/>\r\n        <meta itemprop=\"description\" content=\"Tests de hardware r\u00e1pidos y sencillos con JTAG Boundary Scan \u00a0 Webinar interactivo gratuito | 2-3 horas Durante el webinar, nuestros expertos le brindar\u00e1n una introducci\u00f3n pr\u00e1ctica a los Tests&hellip;\" \/>\r\n        <meta itemprop=\"thumbnailUrl\" content=\"https:\/\/www.xjtag.com\/wp-content\/uploads\/video-lightbox_hands-on-workshop-all-sp.jpg\" \/>\r\n        <meta itemprop=\"contentURL\" content=\"https:\/\/www.xjtag.com\/es\/company\/webinars\/hands-on-jtag-boundary-scan-workshop\/\" \/>\r\n        <meta itemprop=\"uploadDate\" content=\"2025-03-21T15:32:10+00:00\" \/>\n\n<\/div>\n<\/div>\n\n<p style=\"margin-top: 15px;\">Descubra c\u00f3mo:<\/p>\n<ul class=\"tick2\" style=\"margin-bottom: 2em;\">\n<li>Encontrar y reparar r\u00e1pidamente pistas abiertas y cortocircuitos<\/li>\n<li>Verificar dispositivos JTAG, memorias, l\u00f3gica y perif\u00e9ricos digitales<\/li>\n<li>Reducir tiempo\/costos de desarrollo de tests y acortar los tiempos de ciclo de tests<\/li>\n<li>Demuestre con certeza que su placa se ha fabricado correctamente<\/li>\n<\/ul>\n<p style=\"text-align: center;\"><a class=\"outline-button\" href=\"#register\">Reserve su asiento ahora<\/a><\/p>\n<div class=\"quote-colored\">\n<p><q>Disfrut\u00e9 mucho del workshop. \u00a1Ojal\u00e1 todos los workshops gratuitos de un d\u00eda fueran tan \u00fatiles, relevantes y llenos de informaci\u00f3n como los de XJTAG! Tener las herramientas y el hardware para jugar result\u00f3 de valor incalculable.<\/q><\/p>\n<p class=\"attribution\"><i><strong>Peter Sarginson<\/strong>, ingeniero de dise\u00f1o digital, Broadcast Sports International<\/i><\/p>\n<\/div>\n<h3 style=\"text-align: center;\">\u00bfQu\u00e9 resultados puede esperar?<\/h3>\n<p style=\"text-align: center;\">Estos son algunos de los resultados que se han logrado usando XJTAG boundary scan<\/p>\n<p style=\"text-align: center;\"><em>Tests 500% m\u00e1s r\u00e1pidos por\u00a0placa<\/em><br \/>\n<i>Solarflare<\/i><\/p>\n<p>&nbsp;<\/p>\n<p style=\"text-align: center;\"><em>~90% de cobertura de test<\/em><br \/>\n<i>Arm<\/i><\/p>\n<p>&nbsp;<\/p>\n<p style=\"text-align: center;\"><em>900% m\u00e1s de tarjetas defectuosas salvadas<\/em><br \/>\n<i>Haliplex<\/i><\/p>\n<p>&nbsp;<\/p>\n<hr \/>\n<p style=\"text-align: center;\"><a class=\"outline-button\" href=\"#register\">Reg\u00edstrese aqu\u00ed<\/a><\/p>\n<p>&nbsp;<\/p>\n","protected":false},"excerpt":{"rendered":"<p>Tests de hardware r\u00e1pidos y sencillos con JTAG Boundary Scan \u00a0 Webinar interactivo gratuito | 2-3 horas Durante el webinar, nuestros expertos le brindar\u00e1n una introducci\u00f3n pr\u00e1ctica a los Tests JTAG Boundary Scan. Aprender\u00e1 a crear y ejecutar tests JTAG sobre una tarjeta real con la ayuda de ejercicios paso a paso utilizando las herramientas [&hellip;]<\/p>\n","protected":false},"author":2,"featured_media":46811,"parent":42908,"menu_order":0,"comment_status":"closed","ping_status":"closed","template":"page-templates\/page-basic-footer.php","meta":{"_acf_changed":false,"_relevanssi_hide_post":"","_relevanssi_hide_content":"","_relevanssi_pin_for_all":"","_relevanssi_pin_keywords":"","_relevanssi_unpin_keywords":"","_relevanssi_related_keywords":"","_relevanssi_related_include_ids":"","_relevanssi_related_exclude_ids":"","_relevanssi_related_no_append":"","_relevanssi_related_not_related":"","_relevanssi_related_posts":"","_relevanssi_noindex_reason":"","footnotes":""},"pagecategory":[],"class_list":["post-41980","page","type-page","status-publish","has-post-thumbnail","hentry"],"acf":[],"_links":{"self":[{"href":"https:\/\/www.xjtag.com\/es\/wp-json\/wp\/v2\/pages\/41980","targetHints":{"allow":["GET"]}}],"collection":[{"href":"https:\/\/www.xjtag.com\/es\/wp-json\/wp\/v2\/pages"}],"about":[{"href":"https:\/\/www.xjtag.com\/es\/wp-json\/wp\/v2\/types\/page"}],"author":[{"embeddable":true,"href":"https:\/\/www.xjtag.com\/es\/wp-json\/wp\/v2\/users\/2"}],"replies":[{"embeddable":true,"href":"https:\/\/www.xjtag.com\/es\/wp-json\/wp\/v2\/comments?post=41980"}],"version-history":[{"count":0,"href":"https:\/\/www.xjtag.com\/es\/wp-json\/wp\/v2\/pages\/41980\/revisions"}],"up":[{"embeddable":true,"href":"https:\/\/www.xjtag.com\/es\/wp-json\/wp\/v2\/pages\/42908"}],"wp:featuredmedia":[{"embeddable":true,"href":"https:\/\/www.xjtag.com\/es\/wp-json\/wp\/v2\/media\/46811"}],"wp:attachment":[{"href":"https:\/\/www.xjtag.com\/es\/wp-json\/wp\/v2\/media?parent=41980"}],"wp:term":[{"taxonomy":"pagecategory","embeddable":true,"href":"https:\/\/www.xjtag.com\/es\/wp-json\/wp\/v2\/pagecategory?post=41980"}],"curies":[{"name":"wp","href":"https:\/\/api.w.org\/{rel}","templated":true}]}}