{"id":43002,"date":"2021-01-07T17:17:53","date_gmt":"2021-01-07T17:17:53","guid":{"rendered":"https:\/\/www.xjtag.com\/webinars\/high-speed-flash-programming-using-jtag\/"},"modified":"2025-10-16T12:04:21","modified_gmt":"2025-10-16T11:04:21","slug":"high-speed-flash-programming-using-jtag","status":"publish","type":"page","link":"https:\/\/www.xjtag.com\/es\/company\/webinars\/high-speed-flash-programming-using-jtag\/","title":{"rendered":"Programaci\u00f3n flash de alta velocidad con JTAG &#8211; Webinar gratuito"},"content":{"rendered":"<p>&nbsp;<\/p>\n<h1 style=\"text-align: center;\">Programaci\u00f3n flash de alta velocidad con JTAG<br \/>\nWebinar gratuito<!--New date to be announced soon--><\/h1>\n<p><b>Duraci\u00f3n:<\/b> 30 minutos + Q&amp;AEn este webinar aprender\u00e1 sobre los diversos m\u00e9todos disponibles para obtener la soluci\u00f3n de programaci\u00f3n m\u00e1s r\u00e1pida y rentable para su hardware.<\/p>\n<p>Cubriremos tres enfoques distintos de la programaci\u00f3n utilizando:<\/p>\n<ul class=\"tick2\">\n<li>JTAG Boundary Scan<\/li>\n<li>JTAG con un microprocesador en su hardware (m\u00e1s r\u00e1pido)<\/li>\n<li>JTAG con FPGA (el m\u00e1s r\u00e1pido)<\/li>\n<\/ul>\n<p>\u00danase a los expertos de XJTAG mientras profundizamos en los m\u00e9todos de programaci\u00f3n de dispositivos. Al final de la sesi\u00f3n abriremos un espacio para responder a todas sus preguntas. El webinar se impartir\u00e1 en ingl\u00e9s.<\/p>\n<h2 style=\"text-align: center;\">o m\u00edrelo bajo demanda<\/h2>\n<p style=\"text-align: center;\"><a class=\"yellow-button\" href=\"https:\/\/academy.xjtag.com\/en\/Player\/2\/8\"><strong>\u00a1Acceda ahora!<\/strong><\/a><\/p>\n<p style=\"text-align: center;\">Vea una sesi\u00f3n grabada del webinar bajo demanda cuando y donde le convenga. Tendr\u00e1 acceso al webinar durante 7 d\u00edas.<\/p>\n","protected":false},"excerpt":{"rendered":"<p>&nbsp; Programaci\u00f3n flash de alta velocidad con JTAG Webinar gratuito Duraci\u00f3n: 30 minutos + Q&amp;AEn este webinar aprender\u00e1 sobre los diversos m\u00e9todos disponibles para obtener la soluci\u00f3n de programaci\u00f3n m\u00e1s r\u00e1pida y rentable para su hardware. Cubriremos tres enfoques distintos de la programaci\u00f3n utilizando: JTAG Boundary Scan JTAG con un microprocesador en su hardware (m\u00e1s [&hellip;]<\/p>\n","protected":false},"author":2,"featured_media":0,"parent":42908,"menu_order":0,"comment_status":"closed","ping_status":"closed","template":"","meta":{"_acf_changed":false,"_relevanssi_hide_post":"","_relevanssi_hide_content":"","_relevanssi_pin_for_all":"","_relevanssi_pin_keywords":"","_relevanssi_unpin_keywords":"","_relevanssi_related_keywords":"","_relevanssi_related_include_ids":"","_relevanssi_related_exclude_ids":"","_relevanssi_related_no_append":"","_relevanssi_related_not_related":"","_relevanssi_related_posts":"","_relevanssi_noindex_reason":"","footnotes":""},"pagecategory":[],"class_list":["post-43002","page","type-page","status-publish","hentry"],"acf":[],"_links":{"self":[{"href":"https:\/\/www.xjtag.com\/es\/wp-json\/wp\/v2\/pages\/43002","targetHints":{"allow":["GET"]}}],"collection":[{"href":"https:\/\/www.xjtag.com\/es\/wp-json\/wp\/v2\/pages"}],"about":[{"href":"https:\/\/www.xjtag.com\/es\/wp-json\/wp\/v2\/types\/page"}],"author":[{"embeddable":true,"href":"https:\/\/www.xjtag.com\/es\/wp-json\/wp\/v2\/users\/2"}],"replies":[{"embeddable":true,"href":"https:\/\/www.xjtag.com\/es\/wp-json\/wp\/v2\/comments?post=43002"}],"version-history":[{"count":1,"href":"https:\/\/www.xjtag.com\/es\/wp-json\/wp\/v2\/pages\/43002\/revisions"}],"predecessor-version":[{"id":57587,"href":"https:\/\/www.xjtag.com\/es\/wp-json\/wp\/v2\/pages\/43002\/revisions\/57587"}],"up":[{"embeddable":true,"href":"https:\/\/www.xjtag.com\/es\/wp-json\/wp\/v2\/pages\/42908"}],"wp:attachment":[{"href":"https:\/\/www.xjtag.com\/es\/wp-json\/wp\/v2\/media?parent=43002"}],"wp:term":[{"taxonomy":"pagecategory","embeddable":true,"href":"https:\/\/www.xjtag.com\/es\/wp-json\/wp\/v2\/pagecategory?post=43002"}],"curies":[{"name":"wp","href":"https:\/\/api.w.org\/{rel}","templated":true}]}}