{"id":46973,"date":"2015-12-10T14:58:00","date_gmt":"2015-12-10T14:58:00","guid":{"rendered":"https:\/\/www.xjtag.com\/videos\/"},"modified":"2023-03-31T14:49:43","modified_gmt":"2023-03-31T13:49:43","slug":"videos","status":"publish","type":"page","link":"https:\/\/www.xjtag.com\/es\/videos\/","title":{"rendered":"Videos"},"content":{"rendered":"<p style=\"text-align: left;\">Aqu\u00ed hay una selecci\u00f3n de videos disponibles en espa\u00f1ol. Mira todos muchos otros <a href=\"https:\/\/www.xjtag.com\/videos\/\">videos en ingl\u00e9s aqu\u00ed<\/a> \u00bb<\/p>\n<p style=\"text-align: right;\"><a class=\"yellow-button\" style=\"margin-top: 0 !important; margin-bottom: 0 !important; position: relative; top: -8px;\" href=\"https:\/\/www.youtube.com\/channel\/UCjjaKm_vcLG4tGft9s3XpYQ?sub_confirmation=1\" target=\"_blank\" rel=\"noopener\">Suscribete a nuestro canal de Youtube \u00a0<i class=\"fa fa-youtube-play\" style=\"font-size: 20px; position: relative; top: 2px;\"><\/i><\/a><\/p>\n","protected":false},"excerpt":{"rendered":"<p>Aqu\u00ed hay una selecci\u00f3n de videos disponibles en espa\u00f1ol. Mira todos muchos otros videos en ingl\u00e9s aqu\u00ed \u00bb Suscribete a nuestro canal de Youtube \u00a0<\/p>\n","protected":false},"author":685,"featured_media":0,"parent":0,"menu_order":0,"comment_status":"closed","ping_status":"closed","template":"page-templates\/page-videos.php","meta":{"_acf_changed":false,"_relevanssi_hide_post":"","_relevanssi_hide_content":"","_relevanssi_pin_for_all":"","_relevanssi_pin_keywords":"","_relevanssi_unpin_keywords":"","_relevanssi_related_keywords":"","_relevanssi_related_include_ids":"","_relevanssi_related_exclude_ids":"","_relevanssi_related_no_append":"","_relevanssi_related_not_related":"","_relevanssi_related_posts":"","_relevanssi_noindex_reason":"","footnotes":""},"pagecategory":[375],"class_list":["post-46973","page","type-page","status-publish","hentry","pagecategory-misc"],"acf":[],"_links":{"self":[{"href":"https:\/\/www.xjtag.com\/es\/wp-json\/wp\/v2\/pages\/46973","targetHints":{"allow":["GET"]}}],"collection":[{"href":"https:\/\/www.xjtag.com\/es\/wp-json\/wp\/v2\/pages"}],"about":[{"href":"https:\/\/www.xjtag.com\/es\/wp-json\/wp\/v2\/types\/page"}],"author":[{"embeddable":true,"href":"https:\/\/www.xjtag.com\/es\/wp-json\/wp\/v2\/users\/685"}],"replies":[{"embeddable":true,"href":"https:\/\/www.xjtag.com\/es\/wp-json\/wp\/v2\/comments?post=46973"}],"version-history":[{"count":0,"href":"https:\/\/www.xjtag.com\/es\/wp-json\/wp\/v2\/pages\/46973\/revisions"}],"wp:attachment":[{"href":"https:\/\/www.xjtag.com\/es\/wp-json\/wp\/v2\/media?parent=46973"}],"wp:term":[{"taxonomy":"pagecategory","embeddable":true,"href":"https:\/\/www.xjtag.com\/es\/wp-json\/wp\/v2\/pagecategory?post=46973"}],"curies":[{"name":"wp","href":"https:\/\/api.w.org\/{rel}","templated":true}]}}