{"id":37860,"date":"2017-08-22T10:04:31","date_gmt":"2017-08-22T09:04:31","guid":{"rendered":"https:\/\/www.xjtag.com\/free-trial\/"},"modified":"2025-03-19T14:53:02","modified_gmt":"2025-03-19T14:53:02","slug":"free-trial","status":"publish","type":"page","link":"https:\/\/www.xjtag.com\/fr\/free-trial\/","title":{"rendered":"\u00c9valuez la technologie Boundary Scan sur votre carte avec les outils XJTAG"},"content":{"rendered":"<p>[vc_row el_class=&nbsp;&raquo;container&nbsp;&raquo;][vc_column][vc_wp_text]<\/p>\n<p style=\"font-size: 25px; text-align: center; font-weight: 300; padding-top: 0; margin-top: -8px !important; letter-spacing: 0;\">avec un programme de test offert lors de votre p\u00e9riode d\u2019essai<\/p>\n<p>[\/vc_wp_text][\/vc_column][\/vc_row][vc_row el_class=&nbsp;&raquo;container&nbsp;&raquo;][vc_column][vc_wp_text]<\/p>\n<ul>\n<li style=\"font-size: 17px;\">Des outils avanc\u00e9s pour les tests, le d\u00e9bogage et la programmation des cartes et syst\u00e8mes \u00e9lectroniques complexes<\/li>\n<li style=\"font-size: 17px;\">Compatible avec la plupart des cartes : utilise le protocole JTAG int\u00e9gr\u00e9 dans les FPGA, les CPLD et la plupart des CPU\/MCU<\/li>\n<li style=\"font-size: 17px;\">\u00c9valuation avec toutes les fonctionnalit\u00e9s logicielles + Sonde USB-JTAG + Tutoriels interactifs + Support technique<\/li>\n<\/ul>\n<p>[\/vc_wp_text][\/vc_column][\/vc_row][vc_row full_width=&nbsp;&raquo;stretch_row_content_no_spaces&nbsp;&raquo;][vc_column][vc_column_text el_id=&nbsp;&raquo;cta-top&nbsp;&raquo;]<\/p>\n<div style=\"padding-top: 13px;\"><a class=\"yellow-button caps\" style=\"font-weight: bold; font-size: 18px !important; padding: 15px 30px 12px 30px !important; margin: 0 !important;\" href=\"https:\/\/www.xjtag.com\/fr\/free-jtag-evaluation\/\">Essai 1 mois gratuit<\/a> <span style=\"color: white; background-color: rgba(0, 62, 143, 0.5); display: inline-block; padding: 0 5px; font-size: 13px; margin-left: 15px;\">Aucune obligation d&rsquo;achat<\/span><\/div>\n<p>[\/vc_column_text][\/vc_column][\/vc_row][vc_row el_class=&nbsp;&raquo;container&nbsp;&raquo;][vc_column width=&nbsp;&raquo;1\/3&Prime;][vc_column_text]<\/p>\n<h2 class=\"caps\"><a href=\"\/?page_id=24832\">Tests en fabrication \u00e0 faible co\u00fbt<\/a><\/h2>\n<p>[\/vc_column_text][vc_single_image image=&nbsp;&raquo;36185&Prime; img_size=&nbsp;&raquo;&nbsp;&raquo; alignment=&nbsp;&raquo;center&nbsp;&raquo; onclick=&nbsp;&raquo;custom_link&nbsp;&raquo; link=&nbsp;&raquo;https:\/\/www.xjtag.com\/jtag-applications\/manufacturing-test\/&nbsp;&raquo;][vc_column_text]<\/p>\n<p style=\"text-align: center;\">Tests et programmation rapides de vos cartes sans les co\u00fbts et la complexit\u00e9 d&rsquo;un banc de test in-situ. Un acc\u00e8s facilit\u00e9 aux composants BGA. R\u00e9parer les cartes \u00e9lectroniques hors d&rsquo;usage sur lesquelles un test fonctionnel serait inefficace.<\/p>\n<p style=\"text-align: center;\"><a class=\"outline-button\" href=\"\/?page_id=24832\">En savoir plus<\/a><\/p>\n<p>[\/vc_column_text][\/vc_column][vc_column width=&nbsp;&raquo;1\/3&Prime;][vc_column_text]<\/p>\n<h2 class=\"caps\"><a href=\"\/?page_id=24833\">\u00c9laboration rapide de prototypes<\/a><\/h2>\n<p>[\/vc_column_text][vc_single_image image=&nbsp;&raquo;36184&Prime; img_size=&nbsp;&raquo;&nbsp;&raquo; alignment=&nbsp;&raquo;center&nbsp;&raquo; onclick=&nbsp;&raquo;custom_link&nbsp;&raquo; link=&nbsp;&raquo;https:\/\/www.xjtag.com\/jtag-applications\/prototype-board-bring-up\/&nbsp;&raquo; css=&nbsp;&raquo;.vc_custom_1505919054500{padding-top: 10px !important;}&nbsp;&raquo;][vc_column_text]<\/p>\n<p style=\"text-align: center;\">Profitez de tests en phase de prototypage hardware bien avant que le firmware ne soit disponible. D\u00e9veloppez des tests en quelques heures \u00e0 l&rsquo;aide de la biblioth\u00e8que int\u00e9gr\u00e9e de composants standards. D\u00e9tectez plus de d\u00e9fauts qu&rsquo;avec d&rsquo;autres solutions JTAG.<\/p>\n<p style=\"text-align: center;\"><a class=\"outline-button\" href=\"\/?page_id=24833\">En savoir plus<\/a><\/p>\n<p>[\/vc_column_text][\/vc_column][vc_column width=&nbsp;&raquo;1\/3&Prime;][vc_single_image image=&nbsp;&raquo;37869&Prime; img_size=&nbsp;&raquo;&nbsp;&raquo; alignment=&nbsp;&raquo;right&nbsp;&raquo;][\/vc_column][\/vc_row][vc_row full_width=&nbsp;&raquo;stretch_row_content_no_spaces&nbsp;&raquo;][vc_column][vc_raw_html]JTNDZGl2JTIwY2xhc3MlM0QlMjJjaXJjbGVzJTIyJTIwc3R5bGUlM0QlMjJtaW4taGVpZ2h0JTNBJTIwMTIwcHglM0IlMjIlM0UlM0NkaXYlMjBjbGFzcyUzRCUyMmNvbnRhaW5lciUyMiUyMHN0eWxlJTNEJTIycGFkZGluZyUzQSUyMDE1cHglM0IlMjIlM0UlMEElM0NkaXYlMjBjbGFzcyUzRCUyMmNvbC1tZC02JTIwY29sLXNtLTYlMjBjb2wteHMtMTIlMjIlMjBzdHlsZSUzRCUyMnBhZGRpbmclM0EwJTNCJTIyJTNFJTNDaW1nJTIwc3JjJTNEJTIyaHR0cHMlM0ElMkYlMkZ3d3cueGp0YWcuY29tJTJGd3AtY29udGVudCUyRnVwbG9hZHMlMkZ4anRhZy1mZWF0dXJlcy1pY29ucy1mci0xLnBuZyUyMiUyMHN0eWxlJTNEJTIyd2lkdGglM0ElMjAxMDAlMjUlM0IlMjBtYXgtd2lkdGglM0ElMjA1MjBweCUzQiUyMGhlaWdodCUzQSUyMGF1dG8lM0IlMjIlMjAlMkYlM0UlM0MlMkZkaXYlM0UlMEElM0NkaXYlMjBjbGFzcyUzRCUyMmNvbC1tZC02JTIwY29sLXNtLTYlMjBjb2wteHMtMTIlMjIlMjBzdHlsZSUzRCUyMnBhZGRpbmclM0EwJTNCJTIyJTNFJTNDaW1nJTIwc3JjJTNEJTIyaHR0cHMlM0ElMkYlMkZ3d3cueGp0YWcuY29tJTJGd3AtY29udGVudCUyRnVwbG9hZHMlMkZ4anRhZy1mZWF0dXJlcy1pY29ucy1mci0yLnBuZyUyMiUyMHN0eWxlJTNEJTIyd2lkdGglM0ElMjAxMDAlMjUlM0IlMjBtYXgtd2lkdGglM0ElMjA1MjBweCUzQiUyMGhlaWdodCUzQSUyMGF1dG8lM0IlMjIlMjAlMkYlM0UlM0MlMkZkaXYlM0UlMEElM0MlMkZkaXYlM0UlM0MlMkZkaXYlM0U=[\/vc_raw_html][\/vc_column][\/vc_row][vc_row el_class=&nbsp;&raquo;container&nbsp;&raquo;][vc_column][vc_column_text]<\/p>\n<h1>Questions fr\u00e9quemment pos\u00e9es<\/h1>\n<p>[\/vc_column_text][vc_toggle title=&nbsp;&raquo;Que vais-je recevoir exactement avec cette \u00e9valuation gratuite ?&nbsp;&raquo; style=&nbsp;&raquo;simple&nbsp;&raquo; color=&nbsp;&raquo;sandy_brown&nbsp;&raquo; open=&nbsp;&raquo;true&nbsp;&raquo; el_id=&nbsp;&raquo;1457546117009-0fcca318-f9ad&nbsp;&raquo;]Vous recevrez un syst\u00e8me XJTAG complet, comprenant un contr\u00f4leur JTAG USB, une carte de d\u00e9monstration, des c\u00e2bles et des tutoriels. Il comprend la suite logicielle XJTAG compl\u00e8te avec toutes les fonctionnalit\u00e9s et une licence de 30 jours. Pendant cette p\u00e9riode, les services d&rsquo;assistance d\u2019XJTAG seront enti\u00e8rement disponibles pour r\u00e9pondre \u00e0 toutes vos questions.<\/p>\n<p><a href=\"https:\/\/www.xjtag.com\/fr\/free-jtag-evaluation\/\">Commencez d\u00e8s maintenant<\/a>[\/vc_toggle][vc_toggle title=&nbsp;&raquo;A quel moment la p\u00e9riode d\u2019essai sera-t-elle valable ?&nbsp;&raquo; style=&nbsp;&raquo;simple&nbsp;&raquo; color=&nbsp;&raquo;sandy_brown&nbsp;&raquo; open=&nbsp;&raquo;true&nbsp;&raquo; el_id=&nbsp;&raquo;1457547014324-4dddb670-eb40&Prime;]En fonction de vos d\u00e9lais, nous pouvons commencer votre essai d\u00e8s que vous \u00eates pr\u00eat, \u00e0 tout moment d\u00e8s le lendemain ou le trimestre suivant. Si vous souhaitez tirer parti de notre offre de configuration gratuite de test, pr\u00e9venez-nous \u00e0 l&rsquo;avance afin que nous puissions planifier les travaux.[\/vc_toggle][vc_toggle title=&nbsp;&raquo;Y a-t-il des limitations dans la version d\u2019essai ?&nbsp;&raquo; style=&nbsp;&raquo;simple&nbsp;&raquo; color=&nbsp;&raquo;sandy_brown&nbsp;&raquo; open=&nbsp;&raquo;true&nbsp;&raquo; el_id=&nbsp;&raquo;1457547226444-cc6910a3-6944&Prime;]Les outils fournis pour les essais sont enti\u00e8rement fonctionnels, vous pouvez donc essayer toutes les fonctionnalit\u00e9s des produits.<br \/>\n[\/vc_toggle][vc_toggle title=&nbsp;&raquo;Qu&rsquo;est-ce que le programme de test gratuit ?&nbsp;&raquo; style=&nbsp;&raquo;simple&nbsp;&raquo; color=&nbsp;&raquo;sandy_brown&nbsp;&raquo; open=&nbsp;&raquo;true&nbsp;&raquo; el_id=&nbsp;&raquo;1457547194036-80358e67-7870&Prime;]Sur demande du client, XJTAG configurera un programme de test complet sur une de vos cartes \u00e9lectroniques lors de votre p\u00e9riode d\u2019\u00e9valuation de 30 jours.<br \/>\n[\/vc_toggle][vc_toggle title=&nbsp;&raquo;Puis-je avoir la version d&rsquo;essai uniquement, sans le programme de test ?&nbsp;&raquo; style=&nbsp;&raquo;simple&nbsp;&raquo; color=&nbsp;&raquo;sandy_brown&nbsp;&raquo; open=&nbsp;&raquo;true&nbsp;&raquo; el_id=&nbsp;&raquo;1457547287486-1178014e-f168&Prime;]Oui.<br \/>\n[\/vc_toggle][vc_toggle title=&nbsp;&raquo;Si je veux un programme de test offert avec mon \u00e9valuation, que dois-je fournir ?&nbsp;&raquo; style=&nbsp;&raquo;simple&nbsp;&raquo; color=&nbsp;&raquo;sandy_brown&nbsp;&raquo; open=&nbsp;&raquo;true&nbsp;&raquo; el_id=&nbsp;&raquo;1457547322891-b1436096-da41&Prime;]Pour configurer votre carte, nous aurons besoin des choses suivantes (avec mise en place d\u2019un accord de confidentialit\u00e9 si besoin)::<\/p>\n<ul>\n<li>Les sch\u00e9mas de votre circuit imprim\u00e9 au format PDF dans lesquels il est possible d&rsquo;effectuer une recherche caract\u00e8re.<\/li>\n<li>Les netlist(s). Nous prenons en charge plus de 85 formats de netlist (notamment RINF, EDIF, Protel, PADS-PCB et tous les formats ASCII).<\/li>\n<li>Les informations (y compris les fichiers BSDL) sur les composants compatibles JTAG qui sont pr\u00e9sents sur la carte.<\/li>\n<\/ul>\n<p>Nous pouvons \u00e9galement mettre en forme le projet directement sur votre carte. Dans cette hypoth\u00e8se nous aurons alors besoin d\u2019avoir acc\u00e8s \u00e0 votre carte.[\/vc_toggle][vc_toggle title=&nbsp;&raquo;Quelles sont les ressources disponibles pour m&rsquo;aider \u00e0 \u00e9valuer mon syst\u00e8me ?&nbsp;&raquo; style=&nbsp;&raquo;simple&nbsp;&raquo; color=&nbsp;&raquo;sandy_brown&nbsp;&raquo; open=&nbsp;&raquo;true&nbsp;&raquo; el_id=&nbsp;&raquo;1457547365138-3be50265-9578&Prime;]Le syst\u00e8me XJTAG est livr\u00e9 avec une carte XJDemo et des tutoriels d\u00e9taill\u00e9s pour vous aider \u00e0 d\u00e9velopper votre premier programme de test avec XJTAG.<\/p>\n<p>Vous aurez acc\u00e8s aux biblioth\u00e8ques de test de composants d\u2019XJTAG et aux derni\u00e8res mises \u00e0 jour logicielles au cours de votre p\u00e9riode d\u2019\u00e9valuation.[\/vc_toggle][vc_toggle title=&nbsp;&raquo;Puis-je obtenir du support technique ou de l&rsquo;aide pour ma version d\u2019essai ?&nbsp;&raquo; style=&nbsp;&raquo;simple&nbsp;&raquo; color=&nbsp;&raquo;sandy_brown&nbsp;&raquo; open=&nbsp;&raquo;true&nbsp;&raquo; el_id=&nbsp;&raquo;1457547690428-663d173c-b4fd&nbsp;&raquo;]Nous sommes fiers de notre support et nous vous encourageons \u00e0 l\u2019essayer lors de la p\u00e9riode d\u2019essai, de mani\u00e8re similaire \u00e0 tous les autres aspects des outils. Nous fournissons une assistance technique compl\u00e8te par t\u00e9l\u00e9phone, courrier \u00e9lectronique et r\u00e9union Web, pour vous aider \u00e0 configurer ou \u00e0 r\u00e9soudre tous probl\u00e8mes potentiels.<\/p>\n<p>Pour obtenir une aide suppl\u00e9mentaire, nous vous recommandons de parcourir le <a href=\"https:\/\/blog.xjtag.com\/\">Blog XJTAG<\/a> pour trouver des r\u00e9ponses cibl\u00e9es \u00e0 des questions sp\u00e9cifiques.[\/vc_toggle][vc_toggle title=&nbsp;&raquo;Quelles sont les exigences du syst\u00e8me ?&nbsp;&raquo; style=&nbsp;&raquo;simple&nbsp;&raquo; color=&nbsp;&raquo;sandy_brown&nbsp;&raquo; open=&nbsp;&raquo;true&nbsp;&raquo; el_id=&nbsp;&raquo;1457569052800-8e79ac43-c79e&nbsp;&raquo;]<\/p>\n<p>Configuration recommand\u00e9e :<\/p>\n<ul>\n<li>Processeur Intel\u00ae Core i3, i5, i7 ou \u00e9quivalent (toute g\u00e9n\u00e9ration)<\/li>\n<li>Microsoft\u00ae Windows\u00ae 8, Windows 8.1, Windows 10 (1607) et versions ult\u00e9rieures, ou Windows 11 (32 ou 64 bit)<\/li>\n<li>4 Go de RAM<\/li>\n<\/ul>\n<p>Veuillez appliquer le dernier Service Pack pour votre syst\u00e8me d&rsquo;exploitation. Les Service Packs sont disponibles aupr\u00e8s du <a href=\"http:\/\/support.microsoft.com\/\">Support Technique de Microsoft<\/a>.<\/p>\n<p>[\/vc_toggle][vc_toggle title=&nbsp;&raquo;Que se passe-t-il quand ma p\u00e9riode d\u2019essai se termine ?&nbsp;&raquo; style=&nbsp;&raquo;simple&nbsp;&raquo; color=&nbsp;&raquo;sandy_brown&nbsp;&raquo; open=&nbsp;&raquo;true&nbsp;&raquo;]Lorsque votre licence expire, vous pouvez continuer \u00e0 utiliser le syst\u00e8me XJTAG en faisant l\u2019acquisition d\u2019une licence commerciale. Contactez simplement votre <a href=\"\/?page_id=21627\">distributeur XJTAG<\/a>.<\/p>\n<p>Si vous ne souhaitez plus utiliser XJTAG, veuillez nous retourner votre syst\u00e8me complet et d\u00e9truire toutes les copies que vous aurez effectu\u00e9es.[\/vc_toggle][\/vc_column][\/vc_row][vc_row full_width=&nbsp;&raquo;stretch_row_content_no_spaces&nbsp;&raquo;][vc_column][vc_column_text]<\/p>\n<div style=\"margin-top: 10px;\"><\/div>\n<p>[\/vc_column_text][vc_column_text el_id=&nbsp;&raquo;cta-top&nbsp;&raquo;]<\/p>\n<div style=\"padding-top: 13px;\"><a class=\"yellow-button caps\" style=\"font-weight: bold; font-size: 18px !important; padding: 15px 30px 12px 30px !important; margin: 0 !important;\" href=\"https:\/\/www.xjtag.com\/fr\/free-jtag-evaluation\/\">Essai 1 mois gratuit<\/a><\/div>\n<p>[\/vc_column_text][\/vc_column][\/vc_row][vc_row el_class=&nbsp;&raquo;container&nbsp;&raquo;][vc_column][vc_column_text]<\/p>\n<div style=\"text-align: center; margin-top: -30px;\">ou en savoir plus sur les <a class=\"outline-button\" href=\"https:\/\/www.xjtag.com\/fr\/products\/\">produits XJTAG<\/a><\/div>\n<hr \/>\n<p>[\/vc_column_text][\/vc_column][\/vc_row][vc_row el_class=&nbsp;&raquo;container&nbsp;&raquo;][vc_column width=&nbsp;&raquo;1\/3&Prime;][vc_single_image image=&nbsp;&raquo;27738&Prime; alignment=&nbsp;&raquo;right&nbsp;&raquo; onclick=&nbsp;&raquo;custom_link&nbsp;&raquo; link=&nbsp;&raquo;\/fr\/case-studies\/arm-case-study-fr\/?t=usecases&nbsp;&raquo;][\/vc_column][vc_column width=&nbsp;&raquo;2\/3&Prime;][vc_column_text]<\/p>\n<p class=\"quote\" style=\"text-align: left;\">\u00ab Le syst\u00e8me boundary-scan XJTAG est un produit extr\u00eamement puissant, souple et rentable &#8230; \u00bb<\/p>\n<p class=\"attribution\" style=\"text-align: left;\"><strong>Spencer Saunders<\/strong>, Directeur de l&rsquo;ing\u00e9nierie, Plates-formes Syst\u00e8mes de D\u00e9veloppement \u2013 ARM<\/p>\n<p>[\/vc_column_text][\/vc_column][\/vc_row][vc_row el_class=&nbsp;&raquo;container&nbsp;&raquo;][vc_column][vc_column_text]<\/p>\n<hr \/>\n<p>[\/vc_column_text][\/vc_column][\/vc_row][vc_row el_class=&nbsp;&raquo;container&nbsp;&raquo;][vc_column width=&nbsp;&raquo;1\/3&Prime;][vc_single_image image=&nbsp;&raquo;27713&Prime; img_size=&nbsp;&raquo;&nbsp;&raquo; alignment=&nbsp;&raquo;right&nbsp;&raquo; onclick=&nbsp;&raquo;custom_link&nbsp;&raquo; link=&nbsp;&raquo;\/fr\/case-studies\/thales-case-study-fr\/?t=usecases&nbsp;&raquo;][\/vc_column][vc_column width=&nbsp;&raquo;2\/3&Prime;][vc_column_text]<\/p>\n<p class=\"quote\" style=\"text-align: left;\">\u00ab Nous avons opt\u00e9 pour XJTAG en raison de son prix, de la facilit\u00e9 d\u2019utilisation, et du fait que les scripts sont r\u00e9utilisables dans diff\u00e9rents projets. \u00bb<\/p>\n<p class=\"attribution\" style=\"text-align: left;\"><strong>Simon Holder<\/strong>, Hardware Design Manager \u2013 <span class=\"uppercase\">Thales<\/span><\/p>\n<p>[\/vc_column_text][\/vc_column][\/vc_row][vc_row el_class=&nbsp;&raquo;container&nbsp;&raquo;][vc_column][vc_wp_text]<\/p>\n<div style=\"text-align: center;\"><a class=\"outline-button\" href=\"https:\/\/www.xjtag.com\/fr\/case-studies\/\">100 \u00e9tudes de cas<\/a><\/div>\n<p>[\/vc_wp_text][\/vc_column][\/vc_row]<\/p>\n","protected":false},"excerpt":{"rendered":"<p>[vc_row el_class=&nbsp;&raquo;container&nbsp;&raquo;][vc_column][vc_wp_text] avec un programme de test offert lors de votre p\u00e9riode d\u2019essai [\/vc_wp_text][\/vc_column][\/vc_row][vc_row el_class=&nbsp;&raquo;container&nbsp;&raquo;][vc_column][vc_wp_text] Des outils avanc\u00e9s pour les tests, le d\u00e9bogage et la programmation des cartes et syst\u00e8mes \u00e9lectroniques complexes Compatible avec la plupart des cartes : utilise le protocole JTAG int\u00e9gr\u00e9 dans les FPGA, les CPLD et la plupart des CPU\/MCU \u00c9valuation [&hellip;]<\/p>\n","protected":false},"author":2,"featured_media":0,"parent":0,"menu_order":0,"comment_status":"closed","ping_status":"closed","template":"page-templates\/page-basic-footer.php","meta":{"_acf_changed":false,"_relevanssi_hide_post":"","_relevanssi_hide_content":"","_relevanssi_pin_for_all":"","_relevanssi_pin_keywords":"","_relevanssi_unpin_keywords":"","_relevanssi_related_keywords":"","_relevanssi_related_include_ids":"","_relevanssi_related_exclude_ids":"","_relevanssi_related_no_append":"","_relevanssi_related_not_related":"","_relevanssi_related_posts":"","_relevanssi_noindex_reason":"","footnotes":""},"pagecategory":[],"class_list":["post-37860","page","type-page","status-publish","hentry"],"acf":[],"_links":{"self":[{"href":"https:\/\/www.xjtag.com\/fr\/wp-json\/wp\/v2\/pages\/37860","targetHints":{"allow":["GET"]}}],"collection":[{"href":"https:\/\/www.xjtag.com\/fr\/wp-json\/wp\/v2\/pages"}],"about":[{"href":"https:\/\/www.xjtag.com\/fr\/wp-json\/wp\/v2\/types\/page"}],"author":[{"embeddable":true,"href":"https:\/\/www.xjtag.com\/fr\/wp-json\/wp\/v2\/users\/2"}],"replies":[{"embeddable":true,"href":"https:\/\/www.xjtag.com\/fr\/wp-json\/wp\/v2\/comments?post=37860"}],"version-history":[{"count":0,"href":"https:\/\/www.xjtag.com\/fr\/wp-json\/wp\/v2\/pages\/37860\/revisions"}],"wp:attachment":[{"href":"https:\/\/www.xjtag.com\/fr\/wp-json\/wp\/v2\/media?parent=37860"}],"wp:term":[{"taxonomy":"pagecategory","embeddable":true,"href":"https:\/\/www.xjtag.com\/fr\/wp-json\/wp\/v2\/pagecategory?post=37860"}],"curies":[{"name":"wp","href":"https:\/\/api.w.org\/{rel}","templated":true}]}}