{"id":42910,"date":"2021-04-16T16:54:36","date_gmt":"2021-04-16T15:54:36","guid":{"rendered":"https:\/\/www.xjtag.com\/?page_id=42910"},"modified":"2026-02-27T13:06:26","modified_gmt":"2026-02-27T13:06:26","slug":"webinars","status":"publish","type":"page","link":"https:\/\/www.xjtag.com\/it\/company\/webinars\/","title":{"rendered":"XJTAG Webinar pratici sul Boundary Scan"},"content":{"rendered":"<p>Le sessioni da circa 3 ore sono ideate per fornire agli ingegneri di R&amp;D, test e produzione un&#8217;introduzione pratica al JTAG\/Boundary Scan, utilizzando dell\u2019hardware reale. Durante il webinar avrai accesso ad un sistema di sviluppo XJTAG completo, che ti dar\u00e0 la possibilit\u00e0 di sviluppare ed eseguire attivamente i test boundary scan.<\/p>\n<p>Il webinar sar\u00e0 condotto da tecnici esperti<!-- (in parte in inglese e in parte in italiano)-->, e tutto ci\u00f2 di cui hai bisogno \u00e8 un browser web. Non \u00e8 richiesta alcuna conoscenza preliminare sul JTAG.<\/p>\n<p><!-- Successivamente potrai richiedere ulteriore accesso all'hardware (tramite i PC in remoto) se desideri fare degli esercizi pratici mentre rivedi il contenuto del webinar. --><\/p>\n<div style=\"text-align: center;\">\n<p><!--\n\n\n<h4 style=\"font-size: 18px;\">Inscriviti ora<\/h4>\n\n\n<a id=\"registrati\" class=\"yellow-button\" style=\"font-weight: bold; font-size: 18px !important; padding: 15px 30px 12px 30px !important; margin: 5px 0 !important;\" href=\"https:\/\/www.xjtag.com\/it\/webinar-registration\/?webinar_id=9049990477894403676\" target=\"_blank\" rel=\"noopener noreferrer\">25 maggio 2023, 9:30 CEST <span class=\"smallprint unbold\">(in italiano)<\/span><\/a>--> <\/p>\n<p><a id=\"registrati\" class=\"yellow-button\" style=\"font-weight: bold; font-size: 18px !important; padding: 15px 30px 12px 30px !important; margin: 5px 0 !important;\" href=\"\/it\/webinar-registration\/?webinar_desc=%3Cb%3EDATA%20da%20definire%3C%2Fb%3E%0D%0ARegistra%20il%20tuo%20interesse%20per%20essere%20informato%20del%20prossimo%20webinar.\" target=\"_blank\" rel=\"noopener noreferrer\">Iscriviti al prossimo webinar<\/a><br \/>\n<span class=\"smallprint unbold\">Ti confermeremo la data non appena sar\u00e0 disponibile<\/span><\/p>\n<\/div>\n<h2 style=\"text-align: center;\">Introduzione al JTAG \u2013 Concetti, strumenti e Design for Test (DFT)<\/h2>\n<p>Impara le basi del boundary scan e come utilizzarlo durante tutto il ciclo di vita del prodotto per migliorare i tuoi progetti, ridurre i respins e aumentare la copertura di test, la capacit\u00e0 di diagnosi dei guasti e i rendimenti di produzione su schede complesse popolate da BGA.<\/p>\n<h2>Workshop interattivo + Q&amp;A<\/h2>\n<ul class=\"spaced\">\n<li>Come comunicare con la catena JTAG<\/li>\n<li>Strumenti per interagire con dispositivi JTAG, come FPGA o Processori<\/li>\n<li>Introduzione al test utilizzando la catena JTAG<\/li>\n<li>Come descrivere un circuito per abilitare il test JTAG<\/li>\n<li>Rilevamento dei guasti tramite il Connection Test JTAG<\/li>\n<li>Come testare u componenti non-JTAG di una scheda utilizzando il boundary scan<\/li>\n<\/ul>\n<p><img decoding=\"async\" class=\"alignnone size-full wp-image-40429\" src=\"https:\/\/www.xjtag.com\/wp-content\/uploads\/xjtag-kit-2020-500px.jpg\" alt=\"\" width=\"500\" height=\"443\" \/><\/p>\n<hr style=\"padding-bottom: 15px;\" \/>\n<p style=\"text-align: center;\"><em>I webinar sono gratuiti, ma i posti sono limitati.<\/em><\/p>\n<p style=\"text-align: center;\"><a class=\"outline-button anchor\" href=\"#registrati\"><i class=\"fa fa-chevron-up\"><\/i><span style=\"padding: 0 5px;\">Prenota il tuo posto in cima alla pagina<\/span><i class=\"fa fa-chevron-up\"><\/i><\/a><br \/>\n<span class=\"smallprint\">(Posti soggetti a disponibilit\u00e0 e a discrezione di XJTAG.)<\/span><\/p>\n<p><a class=\"anchor\" name=\"video\"><\/a><br \/>\n<div data-fancybox='gallery' data-options='{\"touch\":false,\"thumb\":\"https:\\\/\\\/www.xjtag.com\\\/wp-content\\\/uploads\\\/video-lightbox_hands-on-workshop-all-it.jpg\"}' id=\"fv_flowplayer_d88d245904e16cda7c7d78350132e210_lightbox_starter\" title='Webinar Gratuito: Test semplice e veloce dell&#039;hardware col JTAG Boundary Scan' href=\"#wpfp_d88d245904e16cda7c7d78350132e210_container\" class=\"flowplayer lightbox-starter no-brand is-splash is-paused skin-slim no-svg fp-slim fp-edgy\" style=\"position:relative; max-width: 1138px; max-height: 640px; \" data-ratio=\"0.5624\" data-advance=\"false\" itemprop=\"video\" itemscope=\"\" itemtype=\"http:\/\/schema.org\/VideoObject\" data-player-id=\"70\" data-fv_stats_data=\"{&quot;player_id&quot;:&quot;70&quot;,&quot;post_id&quot;:42910}\" data-speedb=\"1\">\n\t<div class=\"fp-ratio\" style=\"padding-top: 56.24%\"><\/div>\n\t<img decoding=\"async\" class=\"fp-splash\" alt=\"video\" src=\"https:\/\/www.xjtag.com\/wp-content\/uploads\/video-lightbox_hands-on-workshop-all-it.jpg\" style=\"position:absolute;top:0;width:100%\" \/>\n\t<div class=\"fp-ui\"><noscript>Please enable JavaScript<\/noscript><div class=\"fp-play fp-visible\"><svg class=\"fp-play-sharp-fill\" xmlns=\"http:\/\/www.w3.org\/2000\/svg\" viewBox=\"0 0 100 100\"><defs><style>.fp-color-play{opacity:0.65;}.controlbutton{fill:#fff;}<\/style><\/defs><title>play-sharp-fill<\/title><path class=\"fp-color-play\" d=\"M49.9217-.078a50,50,0,1,0,50,50A50.0564,50.0564,0,0,0,49.9217-.078Z\"\/><polygon class=\"controlbutton\" points=\"73.601 50 37.968 70.573 37.968 29.427 73.601 50\" filter=\"url(#f1)\"\/><\/svg><\/div><div class=\"fp-preload\"><b><\/b><b><\/b><b><\/b><b><\/b><\/div><\/div>\n\n<meta itemprop=\"name\" content=\"XJTAG Webinar pratici sul Boundary Scan\" \/>\r\n        <meta itemprop=\"description\" content=\"Le sessioni da circa 3 ore sono ideate per fornire agli ingegneri di R&amp;D, test e produzione un&#039;introduzione pratica al JTAG\/Boundary Scan, utilizzando dell\u2019hardware reale. Durante il webinar avrai accesso&hellip;\" \/>\r\n        <meta itemprop=\"thumbnailUrl\" content=\"https:\/\/www.xjtag.com\/wp-content\/uploads\/video-lightbox_hands-on-workshop-all-it.jpg\" \/>\r\n        <meta itemprop=\"contentURL\" content=\"https:\/\/www.xjtag.com\/it\/company\/webinars\/\" \/>\r\n        <meta itemprop=\"uploadDate\" content=\"2026-02-27T13:06:26+00:00\" \/>\n\n<\/div>\n\n<div id=\"wpfp_d88d245904e16cda7c7d78350132e210_container\" class=\"fv_player_lightbox_hidden\" style=\"display: none\">\n<div id=\"wpfp_d88d245904e16cda7c7d78350132e210\" data-item=\"{&quot;sources&quot;:[{&quot;src&quot;:&quot;https:\\\/\\\/streams.bitmovin.com\\\/d65kahdid5i2gja4a9rg\\\/manifest.m3u8&quot;,&quot;type&quot;:&quot;application\\\/x-mpegurl&quot;}],&quot;id&quot;:&quot;70&quot;,&quot;splash&quot;:&quot;https:\\\/\\\/www.xjtag.com\\\/wp-content\\\/uploads\\\/video-lightbox_hands-on-workshop-all-it.jpg&quot;,&quot;subtitles&quot;:[{&quot;srclang&quot;:&quot;it&quot;,&quot;label&quot;:&quot;Italiano&quot;,&quot;src&quot;:&quot;https:\\\/\\\/xvpstorage.blob.core.windows.net\\\/subtitles\\\/promo-workshop-for-all_it.vtt&quot;,&quot;fv_default&quot;:true}]}\" class=\"flowplayer lightboxed no-brand is-splash is-paused skin-slim no-svg fp-slim fp-edgy\" style=\"position:relative; max-width: 1138px; max-height: 640px; \" data-ratio=\"0.5624\" data-advance=\"false\" itemprop=\"video\" itemscope=\"\" itemtype=\"http:\/\/schema.org\/VideoObject\" data-player-id=\"70\" data-fv_stats_data=\"{&quot;player_id&quot;:&quot;70&quot;,&quot;post_id&quot;:42910}\" data-speedb=\"1\">\n\t<div class=\"fp-ratio\" style=\"padding-top: 56.24%\"><\/div>\n\t<img decoding=\"async\" class=\"fp-splash\" alt=\"video\" src=\"https:\/\/www.xjtag.com\/wp-content\/uploads\/video-lightbox_hands-on-workshop-all-it.jpg\" style=\"position:absolute;top:0;width:100%\" \/>\n\t<div class=\"fp-ui\"><noscript>Please enable JavaScript<\/noscript><div class=\"fp-play fp-visible\"><svg class=\"fp-play-sharp-fill\" xmlns=\"http:\/\/www.w3.org\/2000\/svg\" viewBox=\"0 0 100 100\"><defs><style>.fp-color-play{opacity:0.65;}.controlbutton{fill:#fff;}<\/style><\/defs><title>play-sharp-fill<\/title><path class=\"fp-color-play\" d=\"M49.9217-.078a50,50,0,1,0,50,50A50.0564,50.0564,0,0,0,49.9217-.078Z\"\/><polygon class=\"controlbutton\" points=\"73.601 50 37.968 70.573 37.968 29.427 73.601 50\" filter=\"url(#f1)\"\/><\/svg><\/div><div class=\"fp-preload\"><b><\/b><b><\/b><b><\/b><b><\/b><\/div><\/div>\n\n<meta itemprop=\"name\" content=\"XJTAG Webinar pratici sul Boundary Scan\" \/>\r\n        <meta itemprop=\"description\" content=\"Le sessioni da circa 3 ore sono ideate per fornire agli ingegneri di R&amp;D, test e produzione un&#039;introduzione pratica al JTAG\/Boundary Scan, utilizzando dell\u2019hardware reale. Durante il webinar avrai accesso&hellip;\" \/>\r\n        <meta itemprop=\"thumbnailUrl\" content=\"https:\/\/www.xjtag.com\/wp-content\/uploads\/video-lightbox_hands-on-workshop-all-it.jpg\" \/>\r\n        <meta itemprop=\"contentURL\" content=\"https:\/\/www.xjtag.com\/it\/company\/webinars\/\" \/>\r\n        <meta itemprop=\"uploadDate\" content=\"2026-02-27T13:06:26+00:00\" \/>\n\n<\/div>\n<\/div>\n<\/p>\n<p style=\"text-align: center;\"><a class=\"outline-button anchor\" href=\"#registrati\"><i class=\"fa fa-chevron-up\"><\/i><span style=\"padding: 0 5px;\">Prenota il tuo posto in cima alla pagina<\/span><i class=\"fa fa-chevron-up\"><\/i><\/a><\/p>\n","protected":false},"excerpt":{"rendered":"<p>Le sessioni da circa 3 ore sono ideate per fornire agli ingegneri di R&amp;D, test e produzione un&#8217;introduzione pratica al JTAG\/Boundary Scan, utilizzando dell\u2019hardware reale. Durante il webinar avrai accesso ad un sistema di sviluppo XJTAG completo, che ti dar\u00e0 la possibilit\u00e0 di sviluppare ed eseguire attivamente i test boundary scan. Il webinar sar\u00e0 condotto [&hellip;]<\/p>\n","protected":false},"author":2,"featured_media":0,"parent":31344,"menu_order":0,"comment_status":"closed","ping_status":"closed","template":"","meta":{"_acf_changed":false,"_relevanssi_hide_post":"","_relevanssi_hide_content":"","_relevanssi_pin_for_all":"","_relevanssi_pin_keywords":"","_relevanssi_unpin_keywords":"","_relevanssi_related_keywords":"","_relevanssi_related_include_ids":"","_relevanssi_related_exclude_ids":"","_relevanssi_related_no_append":"","_relevanssi_related_not_related":"","_relevanssi_related_posts":"","_relevanssi_noindex_reason":"","footnotes":""},"pagecategory":[],"class_list":["post-42910","page","type-page","status-publish","hentry"],"acf":[],"_links":{"self":[{"href":"https:\/\/www.xjtag.com\/it\/wp-json\/wp\/v2\/pages\/42910","targetHints":{"allow":["GET"]}}],"collection":[{"href":"https:\/\/www.xjtag.com\/it\/wp-json\/wp\/v2\/pages"}],"about":[{"href":"https:\/\/www.xjtag.com\/it\/wp-json\/wp\/v2\/types\/page"}],"author":[{"embeddable":true,"href":"https:\/\/www.xjtag.com\/it\/wp-json\/wp\/v2\/users\/2"}],"replies":[{"embeddable":true,"href":"https:\/\/www.xjtag.com\/it\/wp-json\/wp\/v2\/comments?post=42910"}],"version-history":[{"count":5,"href":"https:\/\/www.xjtag.com\/it\/wp-json\/wp\/v2\/pages\/42910\/revisions"}],"predecessor-version":[{"id":58992,"href":"https:\/\/www.xjtag.com\/it\/wp-json\/wp\/v2\/pages\/42910\/revisions\/58992"}],"up":[{"embeddable":true,"href":"https:\/\/www.xjtag.com\/it\/wp-json\/wp\/v2\/pages\/31344"}],"wp:attachment":[{"href":"https:\/\/www.xjtag.com\/it\/wp-json\/wp\/v2\/media?parent=42910"}],"wp:term":[{"taxonomy":"pagecategory","embeddable":true,"href":"https:\/\/www.xjtag.com\/it\/wp-json\/wp\/v2\/pagecategory?post=42910"}],"curies":[{"name":"wp","href":"https:\/\/api.w.org\/{rel}","templated":true}]}}